{"id":38,"date":"2010-02-17T15:44:45","date_gmt":"2010-02-17T13:44:45","guid":{"rendered":"http:\/\/www.steinmannverlag.de\/wordpress\/?page_id=38"},"modified":"2025-06-04T16:12:44","modified_gmt":"2025-06-04T14:12:44","slug":"besprechungen","status":"publish","type":"page","link":"https:\/\/www.steinmannverlag.de\/wordpress\/besprechungen\/","title":{"rendered":"Besprechungen"},"content":{"rendered":"<p id=\" 2 Minuten\"><a href=\"http:\/\/www.steinmannverlag.de\/wordpress\/2010\/04\/07\/2-minuten\/\">2 Minuten<\/a><\/p>\n<p id=\"Flugversuche\"><a href=\"http:\/\/www.steinmannverlag.de\/wordpress\/2010\/04\/07\/flugversuche\/\">Flugversuche<\/a><\/p>\n<p><a href=\"http:\/\/www.steinmannverlag.de\/wordpress\/2010\/04\/07\/den-gemeinsamen\/\">Den gemeinsamen Glauben bekennen<\/a><\/p>\n<p id=\"Den gemeinsamen Glauben bekennen\u201c&gt;Den gemeinsamen Glauben bekennen&lt;\/p&gt;\n&lt;p id=\"><a href=\"http:\/\/www.steinmannverlag.de\/wordpress\/2010\/04\/07\/altersweisheit\/\">Altersweisheit<\/a><\/p>\n<p><a href=\"http:\/\/www.steinmannverlag.de\/wordpress\/2010\/04\/07\/abraham\/\">ABRAHAM UND JOSEPH<\/a><\/p>\n<p><a href=\"http:\/\/www.steinmannverlag.de\/wordpress\/2010\/04\/07\/vitamine\/\">Vitamine f\u00fcr die Seele<\/a><\/p>\n<p><a href=\"http:\/\/www.steinmannverlag.de\/wordpress\/2010\/04\/07\/lavendelduft\/\">Lavendelduft und Sommerwind<\/a><\/p>\n<p id=\"Lavendelduft und Sommerwind\u201c&gt;Lavendelduft und Sommerwind&lt;\/p&gt;\n&lt;p&gt;&lt;\n\n&lt;p id=\"><a href=\"http:\/\/www.steinmannverlag.de\/wordpress\/2010\/04\/07\/es-stroeme\/\">Es str\u00f6me das Recht wie Wasser<\/a><\/p>\n<p><a href=\"http:\/\/www.steinmannverlag.de\/wordpress\/2010\/04\/07\/ueber-narren\/\">\u00dcber Narren und andere Christen<\/a><\/p>\n<p id=\"\u00dcber Narren und andere Christen\u201c&gt;\u00dcber Narren und andere Christen&lt;\/p&gt;\n&lt;p id=\"><a href=\"http:\/\/www.steinmannverlag.de\/wordpress\/2010\/04\/07\/dem-leben\/\">Dem Leben zum Leben verhelfen<\/a><\/p>\n<p><a href=\"http:\/\/www.steinmannverlag.de\/wordpress\/2010\/04\/07\/wilhelmsburger\/\">Wilhelmsburger Predigten<\/a><\/p>\n<p id=\"Wilhelmsburger Predigten\u201c&gt;Wilhelmsburger Predigten&lt;\/p&gt;\n&lt;p id=\"><a href=\"http:\/\/www.steinmannverlag.de\/wordpress\/2010\/04\/07\/leuchten\/\">Leuchten wie des Himmels Glanz<\/a><\/p>\n<p><a href=\"http:\/\/www.steinmannverlag.de\/wordpress\/2010\/04\/07\/im-zweifel\/\">Im Zweifel f\u00fcr die Hoffnung<\/a><\/p>\n<p id=\"Im Zweifel f\u00fcr die Hoffnung\u201c&gt;Im Zweifel f\u00fcr die Hoffnung&lt;\/p&gt;\n&lt;p id=\"><a href=\"http:\/\/www.steinmannverlag.de\/wordpress\/2010\/04\/07\/worte-malen\/\">Worte malen ein Gedicht<\/a><\/p>\n<p><a href=\"http:\/\/www.steinmannverlag.de\/wordpress\/2010\/04\/07\/willy\/\">Willy Witzig<\/a><\/p>\n<p><a href=\"http:\/\/www.steinmannverlag.de\/wordpress\/2010\/05\/16\/verdunkelte-seele\/\">Verdunkelte Seele<\/a><\/p>\n<p><a href=\"http:\/\/www.steinmannverlag.de\/wordpress\/2010\/05\/16\/der-traum-vom-glueck\/\">Der Traum vom Gl\u00fcck<\/a><\/p>\n<p><a href=\"http:\/\/www.steinmannverlag.de\/wordpress\/2010\/05\/16\/jesus-christus-provokateur-zum-gluck\/\">Jesus Christus &#8211; Provokateur zum Leben<\/a><\/p>\n<p><a href=\"http:\/\/www.steinmannverlag.de\/wordpress\/2011\/05\/17\/hospizlich-engagiert\/\">Hospizlich engagiert<\/a><\/p>\n<p><a href=\"http:\/\/www.steinmannverlag.de\/wordpress\/buecher\/der-eigenen-trauer-begegnen\/\">Der eigenen Trauer begegnen<\/a><\/p>\n<p><a href=\"http:\/\/www.steinmannverlag.de\/wordpress\/buecher\/trauernden-nahe-sein\/ \">Trauernden nahe sein<\/a><\/p>\n<p><a href=\"http:\/\/www.steinmannverlag.de\/wordpress\/buecher\/cd-trauernden-nahe-sein\/\">CD &#8211; Trauernden nahe sein<\/a><\/p>\n<p><a href=\"http:\/\/www.steinmannverlag.de\/wordpress\/buecher\/glut\/\">Glut<\/a><\/p>\n<p><a href=\"http:\/\/www.steinmannverlag.de\/wordpress\/buecher\/das-nest-im-feigenbaum\/\">Das Nest im Feigenbaum<\/a><\/p>\n<p><a href=\"http:\/\/www.steinmannverlag.de\/wordpress\/buecher\/offener-himmel-weiter-raum\/\">Offener Himmel &#8211; weiter Raum<\/a><\/p>\n<p><a href=\"http:\/\/www.steinmannverlag.de\/wordpress\/buecher\/grenzganger\/\">Grenzg\u00e4nger<\/a><\/p>\n<p><a href=\"http:\/\/www.steinmannverlag.de\/wordpress\/buecher\/gehe-zu-den-sternen\/\">Gehe zu den Sternen<\/a><\/p>\n<p><a href=\"http:\/\/www.steinmannverlag.de\/wordpress\/buecher\/vergebung-zumutung-des-glaubens\/\">Vergebung &#8211; Zumutung des Glaubens<\/a><\/p>\n<p><a href=\"http:\/\/www.steinmannverlag.de\/wordpress\/buecher\/in-teufels-kueche\/\">In Teufels K\u00fcche<\/a><\/p>\n<p><a href=\"http:\/\/www.steinmannverlag.de\/wordpress\/buecher\/schwere-stunden-poesie\/\">Schwere-Stunden-Poesie<\/a><\/p>\n<p><a href=\"http:\/\/www.steinmannverlag.de\/wordpress\/buecher\/herkunft-und-entwicklung-des-glaubens-an-gott\/\">Herkunft und Entwicklung des Glaubens an Gott<\/a><\/p>\n<p><a href=\"http:\/\/www.steinmannverlag.de\/wordpress\/buecher\/der-schluessel-zum-glueck\/\">Der Schl\u00fcssel zum Gl\u00fcck<\/a><\/p>\n<p><a href=\"http:\/\/www.steinmannverlag.de\/wordpress\/buecher\/matthaeus-und-seine-jesusgeschichten\/\">Matth\u00e4us und seine Jesusgeschichten<\/a><\/p>\n<p><a href=\"http:\/\/www.steinmannverlag.de\/wordpress\/buecher\/der-weg-ins-licht\/\">Der Weg ins Licht<\/a><\/p>\n<p><a href=\"http:\/\/www.steinmannverlag.de\/wordpress\/buecher\/babylon-mythos-und-wirklichkeit\/\">Babylon &#8211; Mythos und Wirklichkeit<\/a><\/p>\n<p><a href=\"http:\/\/www.steinmannverlag.de\/wordpress\/buecher\/lebensweise\/\">LebensWeise<\/a><\/p>\n<p><a href=\"http:\/\/www.steinmannverlag.de\/wordpress\/buecher\/die-sammler-der-erinnerung\/\">Die Sammler der Erinnerung<\/a><\/p>\n<p><a href=\"http:\/\/www.steinmannverlag.de\/wordpress\/buecher\/von-worten-sternen-und-anderen-kostbarkeiten\/\">Von Worten, Sternen und anderen Kostbarkeiten<\/a><\/p>\n<p><a href=\"http:\/\/www.steinmannverlag.de\/wordpress\/buecher\/otto-stockhausen\/\">Otto Stockhausen<\/a><\/p>\n<p><a href=\"http:\/\/www.steinmannverlag.de\/wordpress\/buecher\/sonne-der-gerechtigkeit\/\">Sonne der Gerechtigkeit<\/a><\/p>\n<p><a href=\"http:\/\/www.steinmannverlag.de\/wordpress\/buecher\/erwachsener-glaube\/\">Erwachsener Glaube<\/a><\/p>\n<p><a href=\"http:\/\/www.steinmannverlag.de\/wordpress\/buecher\/aus-dem-fenster-geschaut\/\">Aus dem Fenster geschaut<\/a><\/p>\n<p><a href=\"http:\/\/www.steinmannverlag.de\/wordpress\/buecher\/das-letzte-fest-gottes\/\">Das letzte Fest Gottes<\/a><\/p>\n<p><a href=\"http:\/\/www.steinmannverlag.de\/wordpress\/buecher\/der-du-bist\/\">\u201e\u2026 der du bist \u2026\u201c<br \/>\n<\/a><\/p>\n<p><a href=\"http:\/\/www.steinmannverlag.de\/wordpress\/buecher\/joseph\/\">Joseph<br \/>\n<\/a><\/p>\n<p><a href=\"http:\/\/www.steinmannverlag.de\/wordpress\/buecher\/den-gemeinsamen-glauben-bekennen-2\/\">Den gemeinsamen Glauben bekennen<\/a><\/p>\n<p><a href=\"http:\/\/www.steinmannverlag.de\/wordpress\/buecher\/alte-erzaehlungen-in-neuen-farben\/\">Alte Erz\u00e4hlungen in neuen Farben<br \/>\n<\/a><\/p>\n<p><a href=\"http:\/\/www.steinmannverlag.de\/wordpress\/buecher\/federleicht\/\">federleicht<br \/>\n<\/a><\/p>\n<p><a href=\"http:\/\/www.steinmannverlag.de\/wordpress\/buecher\/wovon-reden-wir-eigentlich-anregungen-zum-weiterdenken\/\">Wovon reden wir eigentlich &#8211; Anregungen zum Weiterdenken<br \/>\n<\/a><\/p>\n<p><a href=\"http:\/\/www.steinmannverlag.de\/wordpress\/buecher\/christsein-in-einer-christusfernen-welt\/\">Christsein in einer christusfernen Welt<br \/>\n<\/a><\/p>\n<p><a href=\"http:\/\/www.steinmannverlag.de\/wordpress\/buecher\/gottsucher\/\">Gottsucher<br \/>\n<\/a><\/p>\n<p><a href=\"http:\/\/www.steinmannverlag.de\/wordpress\/buecher\/eine-immer-tiefere-freude\/\">Eine immer tiefere Freude<br \/>\n<\/a><\/p>\n<p><a href=\"http:\/\/www.steinmannverlag.de\/wordpress\/buecher\/heiliger-kram\/\">Heiliger Kram<br \/>\n<\/a><\/p>\n<p><a href=\"http:\/\/www.steinmannverlag.de\/wordpress\/buecher\/gottfinder\/\">Gottfinder<br \/>\n<\/a><\/p>\n<p><a href=\"http:\/\/www.steinmannverlag.de\/wordpress\/buecher\/buchholz-aller\/\">Buchholz \/Aller<br \/>\n<\/a><\/p>\n<p><a href=\"https:\/\/www.steinmannverlag.de\/wordpress\/buecher\/buchholz-aller-band-2\/\">Buchholz \/Aller Band 2<\/a><\/p>\n<p><a href=\"http:\/\/www.steinmannverlag.de\/wordpress\/buecher\/max-diestel-des-hauses-hueter\/\">Max Diestel &#8211; Des Hauses H\u00fcter<br \/>\n<\/a><\/p>\n<p><a href=\"http:\/\/www.steinmannverlag.de\/wordpress\/buecher\/pest-cholera-und-corona-in-der-belletristik\/\">Pest, Cholera und Corona in der Belletristik<br \/>\n<\/a><\/p>\n<p><a href=\"http:\/\/www.steinmannverlag.de\/wordpress\/buecher\/trauer-heilen\/\">Trauer heilen<br \/>\n<\/a><\/p>\n<p><a href=\"https:\/\/www.steinmannverlag.de\/wordpress\/buecher\/das-abenteuerliche-leben-des-hans-uhthoff\/\">Das abenteuerliche Leben des Hans Uhthoff<\/a><\/p>\n<p><a href=\"https:\/\/www.steinmannverlag.de\/wordpress\/buecher\/luther-und-faust\/\">Luther und Faust<\/a><\/p>\n<p><a href=\"https:\/\/www.steinmannverlag.de\/wordpress\/buecher\/die-blauschwarze-macht\/\">Die blauschwarze Macht<\/a><\/p>\n<p><a href=\"https:\/\/www.steinmannverlag.de\/wordpress\/buecher\/es-ziemt-sich-nicht-ihnen-die-hand-zu-reichen\/\">Es ziemt sich nicht, Ihnen die Hand zu reichen<\/a><\/p>\n<p><a href=\"https:\/\/www.steinmannverlag.de\/wordpress\/buecher\/der-turm-der-blauen-pferde\/\">Der Turm der blauen Pferde<\/a><\/p>\n<p><a href=\"https:\/\/www.steinmannverlag.de\/wordpress\/buecher\/matthias-claudius-und-freund-hain\/\">Matthias Claudius und Freund Hain<\/a><\/p>\n<p><a href=\"https:\/\/www.steinmannverlag.de\/wordpress\/buecher\/leben-in-balance\/\">Leben in Balance<\/a><\/p>\n<p><a href=\"https:\/\/www.steinmannverlag.de\/wordpress\/buecher\/wueste-magische-momente\/\">W\u00fcste: Magische Momente<\/a><\/p>\n<p><a href=\"https:\/\/www.steinmannverlag.de\/wordpress\/buecher\/lichtgedanken\/\">Lichtgedanken<\/a><\/p>\n<p><a name=\"Willi Witzig\u201c&gt;Willi Witzig&lt;\/p&gt;\n&lt;p&gt;Wir sind eigentlich eine ganz normale Familie. doch von erfahren, damit sie auch mal was zum Lachen h\u00e4tten. Und es stimmt ja auch, wir schlittern immer in so komische Situationen.&lt;br \/&gt;\nManchmal denke ich f\u00fcr mich, das kann doch alles nur ein Witz sein. Na ja und seitdem wir so an die \u00d6ffentlichkeit getreten sind, waren wir \u00f6fters in Zeitungen zu sehen. Mittlerweile gibt es \u00fcber 1000 kleine Bildergeschichten \u00fcber uns und unsere Erlebnisse, sogenannte Comic-Strips. Ich stehe dem ganzen mit einem lachenden und einem weinenden Auge gegen\u00fcber, denn manche Situationen sind schon ein bisschen peinlich. Aber meine Frau und die Kinder sind ganz wild darauf, gedruckt zu werden.&lt;\/a&gt;&lt;\/p&gt;\n&lt;p id=\"><\/a><\/p>\n","protected":false},"excerpt":{"rendered":"<p>2 Minuten Flugversuche Den gemeinsamen Glauben bekennen Altersweisheit ABRAHAM UND JOSEPH Vitamine f\u00fcr die Seele Lavendelduft und Sommerwind Es str\u00f6me das Recht wie Wasser \u00dcber Narren und andere Christen Dem Leben zum Leben verhelfen Wilhelmsburger Predigten Leuchten wie des Himmels Glanz Im Zweifel f\u00fcr die Hoffnung Worte malen ein Gedicht Willy Witzig Verdunkelte Seele Der Traum vom Gl\u00fcck Jesus Christus &#8211; Provokateur zum Leben Hospizlich engagiert Der eigenen Trauer begegnen Trauernden nahe sein CD &#8211; Trauernden nahe sein Glut Das&#8230;<\/p>\n<p class=\"read-more\"><a class=\"btn btn-default\" href=\"https:\/\/www.steinmannverlag.de\/wordpress\/besprechungen\/\">Weiterlesen<span class=\"screen-reader-text\"> Weiterlesen<\/span><\/a><\/p>\n","protected":false},"author":1,"featured_media":0,"parent":0,"menu_order":4,"comment_status":"closed","ping_status":"closed","template":"","meta":[],"yoast_head":"<!-- This site is optimized with the Yoast SEO plugin v20.1 - https:\/\/yoast.com\/wordpress\/plugins\/seo\/ -->\n<title>Besprechungen - Steinmann Verlag<\/title>\n<meta name=\"robots\" content=\"index, follow, max-snippet:-1, max-image-preview:large, max-video-preview:-1\" \/>\n<link rel=\"canonical\" href=\"https:\/\/www.steinmannverlag.de\/wordpress\/besprechungen\/\" \/>\n<meta property=\"og:locale\" content=\"de_DE\" \/>\n<meta property=\"og:type\" content=\"article\" \/>\n<meta property=\"og:title\" content=\"Besprechungen - Steinmann Verlag\" \/>\n<meta property=\"og:description\" content=\"2 Minuten Flugversuche Den gemeinsamen Glauben bekennen Altersweisheit ABRAHAM UND JOSEPH Vitamine f\u00fcr die Seele Lavendelduft und Sommerwind Es str\u00f6me das Recht wie Wasser \u00dcber Narren und andere Christen Dem Leben zum Leben verhelfen Wilhelmsburger Predigten Leuchten wie des Himmels Glanz Im Zweifel f\u00fcr die Hoffnung Worte malen ein Gedicht Willy Witzig Verdunkelte Seele Der Traum vom Gl\u00fcck Jesus Christus &#8211; Provokateur zum Leben Hospizlich engagiert Der eigenen Trauer begegnen Trauernden nahe sein CD &#8211; Trauernden nahe sein Glut Das...Weiterlesen Weiterlesen\" \/>\n<meta property=\"og:url\" content=\"https:\/\/www.steinmannverlag.de\/wordpress\/besprechungen\/\" \/>\n<meta property=\"og:site_name\" content=\"Steinmann Verlag\" \/>\n<meta property=\"article:modified_time\" content=\"2025-06-04T14:12:44+00:00\" \/>\n<meta name=\"twitter:card\" content=\"summary_large_image\" \/>\n<meta name=\"twitter:label1\" content=\"Gesch\u00e4tzte Lesezeit\" \/>\n\t<meta name=\"twitter:data1\" content=\"2\u00a0Minuten\" \/>\n<script type=\"application\/ld+json\" class=\"yoast-schema-graph\">{\"@context\":\"https:\/\/schema.org\",\"@graph\":[{\"@type\":\"WebPage\",\"@id\":\"https:\/\/www.steinmannverlag.de\/wordpress\/besprechungen\/\",\"url\":\"https:\/\/www.steinmannverlag.de\/wordpress\/besprechungen\/\",\"name\":\"Besprechungen - Steinmann Verlag\",\"isPartOf\":{\"@id\":\"https:\/\/www.steinmannverlag.de\/wordpress\/#website\"},\"datePublished\":\"2010-02-17T13:44:45+00:00\",\"dateModified\":\"2025-06-04T14:12:44+00:00\",\"breadcrumb\":{\"@id\":\"https:\/\/www.steinmannverlag.de\/wordpress\/besprechungen\/#breadcrumb\"},\"inLanguage\":\"de\",\"potentialAction\":[{\"@type\":\"ReadAction\",\"target\":[\"https:\/\/www.steinmannverlag.de\/wordpress\/besprechungen\/\"]}]},{\"@type\":\"BreadcrumbList\",\"@id\":\"https:\/\/www.steinmannverlag.de\/wordpress\/besprechungen\/#breadcrumb\",\"itemListElement\":[{\"@type\":\"ListItem\",\"position\":1,\"name\":\"Home\",\"item\":\"https:\/\/www.steinmannverlag.de\/wordpress\/\"},{\"@type\":\"ListItem\",\"position\":2,\"name\":\"Besprechungen\"}]},{\"@type\":\"WebSite\",\"@id\":\"https:\/\/www.steinmannverlag.de\/wordpress\/#website\",\"url\":\"https:\/\/www.steinmannverlag.de\/wordpress\/\",\"name\":\"Steinmann Verlag\",\"description\":\"Litteras Amamus\",\"potentialAction\":[{\"@type\":\"SearchAction\",\"target\":{\"@type\":\"EntryPoint\",\"urlTemplate\":\"https:\/\/www.steinmannverlag.de\/wordpress\/?s={search_term_string}\"},\"query-input\":\"required name=search_term_string\"}],\"inLanguage\":\"de\"}]}<\/script>\n<!-- \/ Yoast SEO plugin. -->","yoast_head_json":{"title":"Besprechungen - Steinmann Verlag","robots":{"index":"index","follow":"follow","max-snippet":"max-snippet:-1","max-image-preview":"max-image-preview:large","max-video-preview":"max-video-preview:-1"},"canonical":"https:\/\/www.steinmannverlag.de\/wordpress\/besprechungen\/","og_locale":"de_DE","og_type":"article","og_title":"Besprechungen - Steinmann Verlag","og_description":"2 Minuten Flugversuche Den gemeinsamen Glauben bekennen Altersweisheit ABRAHAM UND JOSEPH Vitamine f\u00fcr die Seele Lavendelduft und Sommerwind Es str\u00f6me das Recht wie Wasser \u00dcber Narren und andere Christen Dem Leben zum Leben verhelfen Wilhelmsburger Predigten Leuchten wie des Himmels Glanz Im Zweifel f\u00fcr die Hoffnung Worte malen ein Gedicht Willy Witzig Verdunkelte Seele Der Traum vom Gl\u00fcck Jesus Christus &#8211; Provokateur zum Leben Hospizlich engagiert Der eigenen Trauer begegnen Trauernden nahe sein CD &#8211; Trauernden nahe sein Glut Das...Weiterlesen Weiterlesen","og_url":"https:\/\/www.steinmannverlag.de\/wordpress\/besprechungen\/","og_site_name":"Steinmann Verlag","article_modified_time":"2025-06-04T14:12:44+00:00","twitter_card":"summary_large_image","twitter_misc":{"Gesch\u00e4tzte Lesezeit":"2\u00a0Minuten"},"schema":{"@context":"https:\/\/schema.org","@graph":[{"@type":"WebPage","@id":"https:\/\/www.steinmannverlag.de\/wordpress\/besprechungen\/","url":"https:\/\/www.steinmannverlag.de\/wordpress\/besprechungen\/","name":"Besprechungen - Steinmann Verlag","isPartOf":{"@id":"https:\/\/www.steinmannverlag.de\/wordpress\/#website"},"datePublished":"2010-02-17T13:44:45+00:00","dateModified":"2025-06-04T14:12:44+00:00","breadcrumb":{"@id":"https:\/\/www.steinmannverlag.de\/wordpress\/besprechungen\/#breadcrumb"},"inLanguage":"de","potentialAction":[{"@type":"ReadAction","target":["https:\/\/www.steinmannverlag.de\/wordpress\/besprechungen\/"]}]},{"@type":"BreadcrumbList","@id":"https:\/\/www.steinmannverlag.de\/wordpress\/besprechungen\/#breadcrumb","itemListElement":[{"@type":"ListItem","position":1,"name":"Home","item":"https:\/\/www.steinmannverlag.de\/wordpress\/"},{"@type":"ListItem","position":2,"name":"Besprechungen"}]},{"@type":"WebSite","@id":"https:\/\/www.steinmannverlag.de\/wordpress\/#website","url":"https:\/\/www.steinmannverlag.de\/wordpress\/","name":"Steinmann Verlag","description":"Litteras Amamus","potentialAction":[{"@type":"SearchAction","target":{"@type":"EntryPoint","urlTemplate":"https:\/\/www.steinmannverlag.de\/wordpress\/?s={search_term_string}"},"query-input":"required name=search_term_string"}],"inLanguage":"de"}]}},"_links":{"self":[{"href":"https:\/\/www.steinmannverlag.de\/wordpress\/wp-json\/wp\/v2\/pages\/38"}],"collection":[{"href":"https:\/\/www.steinmannverlag.de\/wordpress\/wp-json\/wp\/v2\/pages"}],"about":[{"href":"https:\/\/www.steinmannverlag.de\/wordpress\/wp-json\/wp\/v2\/types\/page"}],"author":[{"embeddable":true,"href":"https:\/\/www.steinmannverlag.de\/wordpress\/wp-json\/wp\/v2\/users\/1"}],"replies":[{"embeddable":true,"href":"https:\/\/www.steinmannverlag.de\/wordpress\/wp-json\/wp\/v2\/comments?post=38"}],"version-history":[{"count":92,"href":"https:\/\/www.steinmannverlag.de\/wordpress\/wp-json\/wp\/v2\/pages\/38\/revisions"}],"predecessor-version":[{"id":2099,"href":"https:\/\/www.steinmannverlag.de\/wordpress\/wp-json\/wp\/v2\/pages\/38\/revisions\/2099"}],"wp:attachment":[{"href":"https:\/\/www.steinmannverlag.de\/wordpress\/wp-json\/wp\/v2\/media?parent=38"}],"curies":[{"name":"wp","href":"https:\/\/api.w.org\/{rel}","templated":true}]}}