{"id":2,"date":"2010-02-17T13:48:23","date_gmt":"2010-02-17T12:48:23","guid":{"rendered":"http:\/\/www.steinmannverlag.de\/wordpress\/?page_id=2"},"modified":"2026-02-19T12:53:35","modified_gmt":"2026-02-19T11:53:35","slug":"eine-seite","status":"publish","type":"page","link":"https:\/\/www.steinmannverlag.de\/wordpress\/","title":{"rendered":"Startseite"},"content":{"rendered":"<div id=\"redaktion\">\n<div><strong>HERZLICH WILLKOMMEN <\/strong><br \/>\nauf der Internetseite des Steinmann Verlages. Wir sind ein Buchverlag, der die neuen Technologien konsequent nutzt, um gute B\u00fccher kosteng\u00fcnstig zu publizieren.<\/p>\n<p>Unser Programm, das theologische und philosophische Literatur sowie Belletristik, Lyrik und Humor umfasst, m\u00f6chte informieren und inspirieren, anregen und bilden, erhellen und Bewusstsein schaffen f\u00fcr die Bewahrung der Sch\u00f6pfung \u2013 mit all ihren Aspekten.<\/p>\n<p>Das <strong>Wort<\/strong> schenkt uns die M\u00f6glichkeit, die Welt zu beschreiben, so wie sie ist;<\/p>\n<p>\u2022\u00a0 sie zu reflektieren, so wie sie sein k\u00f6nnte<br \/>\n\u2022\u00a0 und sie zu gestalten, so wie sie sein sollte.<\/p>\n<p>Deshalb: <strong>LITTERAS AMAMUS <\/strong>\u2013 Wir lieben das geschriebene Wort!<\/p>\n<p>Nehmen Sie gerne Kontakt auf, wenn Sie Interesse haben an unserem Verlagsprogramm oder auch wenn Sie ein Buchprojekt vor Augen haben, das Sie mit uns realisieren m\u00f6chten.<\/p>\n<p>Dr. Werner Steinmann<\/p>\n<\/div>\n<\/div>\n","protected":false},"excerpt":{"rendered":"<p>HERZLICH WILLKOMMEN auf der Internetseite des Steinmann Verlages. Wir sind ein Buchverlag, der die neuen Technologien konsequent nutzt, um gute B\u00fccher kosteng\u00fcnstig zu publizieren. Unser Programm, das theologische und philosophische Literatur sowie Belletristik, Lyrik und Humor umfasst, m\u00f6chte informieren und inspirieren, anregen und bilden, erhellen und Bewusstsein schaffen f\u00fcr die Bewahrung der Sch\u00f6pfung \u2013 mit all ihren Aspekten. Das Wort schenkt uns die M\u00f6glichkeit, die Welt zu beschreiben, so wie sie ist; \u2022\u00a0 sie zu reflektieren, so wie sie sein&#8230;<\/p>\n<p class=\"read-more\"><a class=\"btn btn-default\" href=\"https:\/\/www.steinmannverlag.de\/wordpress\/\">Weiterlesen<span class=\"screen-reader-text\"> Weiterlesen<\/span><\/a><\/p>\n","protected":false},"author":1,"featured_media":0,"parent":0,"menu_order":1,"comment_status":"closed","ping_status":"closed","template":"","meta":[],"yoast_head":"<!-- This site is optimized with the Yoast SEO plugin v20.1 - https:\/\/yoast.com\/wordpress\/plugins\/seo\/ -->\n<title>Steinmann Verlag<\/title>\n<meta name=\"description\" content=\"Unser Programm, das theologische und philosophische Literatur sowie Belletristik, Lyrik und Humor umfasst, m\u00f6chte informieren und inspirieren.\" \/>\n<meta name=\"robots\" content=\"index, follow, max-snippet:-1, max-image-preview:large, max-video-preview:-1\" \/>\n<link rel=\"canonical\" href=\"https:\/\/www.steinmannverlag.de\/wordpress\/\" \/>\n<meta property=\"og:locale\" content=\"de_DE\" \/>\n<meta property=\"og:type\" content=\"article\" \/>\n<meta property=\"og:title\" content=\"Steinmann Verlag\" \/>\n<meta property=\"og:description\" content=\"Unser Programm, das theologische und philosophische Literatur sowie Belletristik, Lyrik und Humor umfasst, m\u00f6chte informieren und inspirieren.\" \/>\n<meta property=\"og:url\" content=\"https:\/\/www.steinmannverlag.de\/wordpress\/\" \/>\n<meta property=\"og:site_name\" content=\"Steinmann Verlag\" \/>\n<meta property=\"article:modified_time\" content=\"2026-02-19T11:53:35+00:00\" \/>\n<meta name=\"twitter:card\" content=\"summary_large_image\" \/>\n<meta name=\"twitter:label1\" content=\"Gesch\u00e4tzte Lesezeit\" \/>\n\t<meta name=\"twitter:data1\" content=\"1\u00a0Minute\" \/>\n<script type=\"application\/ld+json\" class=\"yoast-schema-graph\">{\"@context\":\"https:\/\/schema.org\",\"@graph\":[{\"@type\":\"WebPage\",\"@id\":\"https:\/\/www.steinmannverlag.de\/wordpress\/\",\"url\":\"https:\/\/www.steinmannverlag.de\/wordpress\/\",\"name\":\"Steinmann Verlag\",\"isPartOf\":{\"@id\":\"https:\/\/www.steinmannverlag.de\/wordpress\/#website\"},\"datePublished\":\"2010-02-17T12:48:23+00:00\",\"dateModified\":\"2026-02-19T11:53:35+00:00\",\"description\":\"Unser Programm, das theologische und philosophische Literatur sowie Belletristik, Lyrik und Humor umfasst, m\u00f6chte informieren und inspirieren.\",\"breadcrumb\":{\"@id\":\"https:\/\/www.steinmannverlag.de\/wordpress\/#breadcrumb\"},\"inLanguage\":\"de\",\"potentialAction\":[{\"@type\":\"ReadAction\",\"target\":[\"https:\/\/www.steinmannverlag.de\/wordpress\/\"]}]},{\"@type\":\"BreadcrumbList\",\"@id\":\"https:\/\/www.steinmannverlag.de\/wordpress\/#breadcrumb\",\"itemListElement\":[{\"@type\":\"ListItem\",\"position\":1,\"name\":\"Home\",\"item\":\"https:\/\/www.steinmannverlag.de\/wordpress\/\"},{\"@type\":\"ListItem\",\"position\":2,\"name\":\"Startseite\"}]},{\"@type\":\"WebSite\",\"@id\":\"https:\/\/www.steinmannverlag.de\/wordpress\/#website\",\"url\":\"https:\/\/www.steinmannverlag.de\/wordpress\/\",\"name\":\"Steinmann Verlag\",\"description\":\"Litteras Amamus\",\"potentialAction\":[{\"@type\":\"SearchAction\",\"target\":{\"@type\":\"EntryPoint\",\"urlTemplate\":\"https:\/\/www.steinmannverlag.de\/wordpress\/?s={search_term_string}\"},\"query-input\":\"required name=search_term_string\"}],\"inLanguage\":\"de\"}]}<\/script>\n<!-- \/ Yoast SEO plugin. -->","yoast_head_json":{"title":"Steinmann Verlag","description":"Unser Programm, das theologische und philosophische Literatur sowie Belletristik, Lyrik und Humor umfasst, m\u00f6chte informieren und inspirieren.","robots":{"index":"index","follow":"follow","max-snippet":"max-snippet:-1","max-image-preview":"max-image-preview:large","max-video-preview":"max-video-preview:-1"},"canonical":"https:\/\/www.steinmannverlag.de\/wordpress\/","og_locale":"de_DE","og_type":"article","og_title":"Steinmann Verlag","og_description":"Unser Programm, das theologische und philosophische Literatur sowie Belletristik, Lyrik und Humor umfasst, m\u00f6chte informieren und inspirieren.","og_url":"https:\/\/www.steinmannverlag.de\/wordpress\/","og_site_name":"Steinmann Verlag","article_modified_time":"2026-02-19T11:53:35+00:00","twitter_card":"summary_large_image","twitter_misc":{"Gesch\u00e4tzte Lesezeit":"1\u00a0Minute"},"schema":{"@context":"https:\/\/schema.org","@graph":[{"@type":"WebPage","@id":"https:\/\/www.steinmannverlag.de\/wordpress\/","url":"https:\/\/www.steinmannverlag.de\/wordpress\/","name":"Steinmann Verlag","isPartOf":{"@id":"https:\/\/www.steinmannverlag.de\/wordpress\/#website"},"datePublished":"2010-02-17T12:48:23+00:00","dateModified":"2026-02-19T11:53:35+00:00","description":"Unser Programm, das theologische und philosophische Literatur sowie Belletristik, Lyrik und Humor umfasst, m\u00f6chte informieren und inspirieren.","breadcrumb":{"@id":"https:\/\/www.steinmannverlag.de\/wordpress\/#breadcrumb"},"inLanguage":"de","potentialAction":[{"@type":"ReadAction","target":["https:\/\/www.steinmannverlag.de\/wordpress\/"]}]},{"@type":"BreadcrumbList","@id":"https:\/\/www.steinmannverlag.de\/wordpress\/#breadcrumb","itemListElement":[{"@type":"ListItem","position":1,"name":"Home","item":"https:\/\/www.steinmannverlag.de\/wordpress\/"},{"@type":"ListItem","position":2,"name":"Startseite"}]},{"@type":"WebSite","@id":"https:\/\/www.steinmannverlag.de\/wordpress\/#website","url":"https:\/\/www.steinmannverlag.de\/wordpress\/","name":"Steinmann Verlag","description":"Litteras Amamus","potentialAction":[{"@type":"SearchAction","target":{"@type":"EntryPoint","urlTemplate":"https:\/\/www.steinmannverlag.de\/wordpress\/?s={search_term_string}"},"query-input":"required name=search_term_string"}],"inLanguage":"de"}]}},"_links":{"self":[{"href":"https:\/\/www.steinmannverlag.de\/wordpress\/wp-json\/wp\/v2\/pages\/2"}],"collection":[{"href":"https:\/\/www.steinmannverlag.de\/wordpress\/wp-json\/wp\/v2\/pages"}],"about":[{"href":"https:\/\/www.steinmannverlag.de\/wordpress\/wp-json\/wp\/v2\/types\/page"}],"author":[{"embeddable":true,"href":"https:\/\/www.steinmannverlag.de\/wordpress\/wp-json\/wp\/v2\/users\/1"}],"replies":[{"embeddable":true,"href":"https:\/\/www.steinmannverlag.de\/wordpress\/wp-json\/wp\/v2\/comments?post=2"}],"version-history":[{"count":69,"href":"https:\/\/www.steinmannverlag.de\/wordpress\/wp-json\/wp\/v2\/pages\/2\/revisions"}],"predecessor-version":[{"id":2125,"href":"https:\/\/www.steinmannverlag.de\/wordpress\/wp-json\/wp\/v2\/pages\/2\/revisions\/2125"}],"wp:attachment":[{"href":"https:\/\/www.steinmannverlag.de\/wordpress\/wp-json\/wp\/v2\/media?parent=2"}],"curies":[{"name":"wp","href":"https:\/\/api.w.org\/{rel}","templated":true}]}}