{"id":15,"date":"2010-02-17T14:54:55","date_gmt":"2010-02-17T13:54:55","guid":{"rendered":"http:\/\/www.steinmannverlag.de\/wordpress\/?page_id=15"},"modified":"2025-06-04T16:07:08","modified_gmt":"2025-06-04T14:07:08","slug":"autoren","status":"publish","type":"page","link":"https:\/\/www.steinmannverlag.de\/wordpress\/autoren\/","title":{"rendered":"Autoren"},"content":{"rendered":"<p><a href=\"http:\/\/www.steinmannverlag.de\/wordpress\/2010\/04\/07\/adolphsen\/\">Helge Adolphsen<\/a><\/p>\n<p><a href=\"http:\/\/www.steinmannverlag.de\/wordpress\/2010\/04\/07\/asbrock\/\">Karl H. Asbrock<\/a><\/p>\n<p><a href=\"http:\/\/www.steinmannverlag.de\/wordpress\/2010\/04\/07\/boetticher\/\">Melsene B\u00f6tticher<\/a><\/p>\n<p><a href=\"http:\/\/www.steinmannverlag.de\/wordpress\/buecher\/knud-eike-buchmann\/\">Knud Eike Buchmann<\/a><\/p>\n<p><a href=\"https:\/\/www.steinmannverlag.de\/wordpress\/buecher\/dorothee-doering\/\">Dorothee D\u00f6ring<\/a><\/p>\n<p><a href=\"http:\/\/www.steinmannverlag.de\/wordpress\/buecher\/margit-fuhrmann\/\">Margit Fuhrmann<\/a><\/p>\n<p><a href=\"http:\/\/www.steinmannverlag.de\/wordpress\/2010\/04\/07\/godzik\/\">Peter Godzik<\/a><\/p>\n<p><a href=\"http:\/\/www.steinmannverlag.de\/wordpress\/buecher\/hans-christoph-gossmann\/\">Hans-Christoph Go\u00dfmann<\/a><\/p>\n<p><a href=\"http:\/\/www.steinmannverlag.de\/wordpress\/buecher\/winfried-gruetzner\/\">Winfried Gr\u00fctzner<\/a><\/p>\n<p><a href=\"http:\/\/www.steinmannverlag.de\/wordpress\/2010\/04\/07\/henatsch\/\">Hildebrand Henatsch<\/a><\/p>\n<p><a href=\"http:\/\/www.steinmannverlag.de\/wordpress\/buecher\/matthias-hilbert\/\">Matthias Hilbert<\/a><\/p>\n<p><a href=\"http:\/\/www.steinmannverlag.de\/wordpress\/2010\/04\/07\/liljegren\/\">Hermann Hummel-Liljegren<\/a><\/p>\n<p><a href=\"http:\/\/www.steinmannverlag.de\/wordpress\/buecher\/christoph-huppenbauer\/\">Christoph Huppenbauer<\/a><\/p>\n<p><a href=\"http:\/\/www.steinmannverlag.de\/wordpress\/2010\/04\/07\/krohne\/\">Mathias C. Krohne<\/a><\/p>\n<p><a href=\"http:\/\/www.steinmannverlag.de\/wordpress\/buecher\/joachim-karl-lindau\/\">Joachim Karl Lindau<\/a><\/p>\n<p><a href=\"https:\/\/www.steinmannverlag.de\/wordpress\/buecher\/reinhard-lindenhahn\/\">Reinhard Lindenhahn<\/a><\/p>\n<p><a href=\"http:\/\/www.steinmannverlag.de\/wordpress\/buecher\/frank-kuerschner-pelkmann\/\">Frank K\u00fcrschner-Pelkmann<\/a><\/p>\n<p><a href=\"http:\/\/www.steinmannverlag.de\/wordpress\/2010\/04\/07\/lehmann\/\">Klaus-Peter Lehmann<\/a><\/p>\n<p><a href=\"http:\/\/www.steinmannverlag.de\/wordpress\/buecher\/burkhart-mecking\/\">Burkhart Mecking<\/a><\/p>\n<p><a href=\"http:\/\/www.steinmannverlag.de\/wordpress\/2010\/05\/16\/maren-meisel\/\">Maren Meisel<\/a><\/p>\n<p><a href=\"http:\/\/www.steinmannverlag.de\/wordpress\/buecher\/christa-moebius\/\">Christa M\u00f6bius<\/a><\/p>\n<p><a href=\"http:\/\/www.steinmannverlag.de\/wordpress\/buecher\/martin-ost\/\">Martin Ost<\/a><\/p>\n<p><a href=\"http:\/\/www.steinmannverlag.de\/wordpress\/buecher\/joachim-plesse\/\">Joachim Plesse<\/a><\/p>\n<p><a href=\"http:\/\/www.steinmannverlag.de\/wordpress\/buecher\/franco-rest\/\">Franco Rest<\/a><\/p>\n<p><a href=\"http:\/\/www.steinmannverlag.de\/wordpress\/buecher\/gisela-rest-hartjes\/\">Gisela Rest-Hartjes<\/a><\/p>\n<p><a href=\"http:\/\/www.steinmannverlag.de\/wordpress\/buecher\/werner-m-ruschke\/\">Werner M. Ruschke<\/a><\/p>\n<p><a href=\"http:\/\/www.steinmannverlag.de\/wordpress\/2010\/05\/16\/sigrid-schenkenberg\/\">Sigrid Schenkenberg<\/a><\/p>\n<p><a href=\"https:\/\/www.steinmannverlag.de\/wordpress\/buecher\/sabine-sommerkamp\/\">Sabine Sommerkamp<\/a><\/p>\n<p><a href=\" http:\/\/www.steinmannverlag.de\/wordpress\/buecher\/ingo-sperl\/\">Ingo Sperl<\/a><\/p>\n<p><a href=\"http:\/\/www.steinmannverlag.de\/wordpress\/2010\/04\/07\/friedel-steinmann\/\">Friedel Steinmann<\/a><\/p>\n<p><a href=\"http:\/\/www.steinmannverlag.de\/wordpress\/2010\/04\/07\/steinmann\/\">Werner Steinmann<\/a><\/p>\n<p><a href=\"http:\/\/www.steinmannverlag.de\/wordpress\/buecher\/peter-stolt\/\">Peter Stolt<\/a><\/p>\n<p><a href=\"http:\/\/www.steinmannverlag.de\/wordpress\/2010\/04\/07\/teetz\/\">Joachim Teetz<\/a><\/p>\n<p><a href=\"http:\/\/www.steinmannverlag.de\/wordpress\/buecher\/ricarda-thaler\/\">Ricarda Thaler<\/a><\/p>\n<p><a href=\"https:\/\/www.steinmannverlag.de\/wordpress\/buecher\/ulrich-tietze\/\">Ulrich Tietze<\/a><\/p>\n<p><a href=\"http:\/\/www.steinmannverlag.de\/wordpress\/buecher\/heinrich-wagner\/\">Heinrich Wagner<\/a><\/p>\n<p><a href=\"http:\/\/www.steinmannverlag.de\/wordpress\/buecher\/juergen-wehrs\/\">J\u00fcrgen Wehrs<\/a><\/p>\n<p><a href=\"http:\/\/www.steinmannverlag.de\/wordpress\/buecher\/young-bin-lie-und-sun-whan-lie\/\">Young Bin Lie und Sun Whan Lie<\/a><\/p>\n<p><a href=\"http:\/\/www.steinmannverlag.de\/wordpress\/buecher\/kerstin-zieris\/\">Kerstin Zieris<\/a><\/p>\n<p><a href=\"http:\/\/www.steinmannverlag.de\/wordpress\/2010\/04\/07\/zoske\/\">Robert M. Zoske<\/a><\/p>\n","protected":false},"excerpt":{"rendered":"<p>Helge Adolphsen Karl H. Asbrock Melsene B\u00f6tticher Knud Eike Buchmann Dorothee D\u00f6ring Margit Fuhrmann Peter Godzik Hans-Christoph Go\u00dfmann Winfried Gr\u00fctzner Hildebrand Henatsch Matthias Hilbert Hermann Hummel-Liljegren Christoph Huppenbauer Mathias C. Krohne Joachim Karl Lindau Reinhard Lindenhahn Frank K\u00fcrschner-Pelkmann Klaus-Peter Lehmann Burkhart Mecking Maren Meisel Christa M\u00f6bius Martin Ost Joachim Plesse Franco Rest Gisela Rest-Hartjes Werner M. Ruschke Sigrid Schenkenberg Sabine Sommerkamp Ingo Sperl Friedel Steinmann Werner Steinmann Peter Stolt Joachim Teetz Ricarda Thaler Ulrich Tietze Heinrich Wagner J\u00fcrgen Wehrs Young&#8230;<\/p>\n<p class=\"read-more\"><a class=\"btn btn-default\" href=\"https:\/\/www.steinmannverlag.de\/wordpress\/autoren\/\">Weiterlesen<span class=\"screen-reader-text\"> Weiterlesen<\/span><\/a><\/p>\n","protected":false},"author":1,"featured_media":0,"parent":0,"menu_order":5,"comment_status":"closed","ping_status":"closed","template":"","meta":[],"yoast_head":"<!-- This site is optimized with the Yoast SEO plugin v20.1 - https:\/\/yoast.com\/wordpress\/plugins\/seo\/ -->\n<title>Autoren - Steinmann Verlag<\/title>\n<meta name=\"robots\" content=\"index, follow, max-snippet:-1, max-image-preview:large, max-video-preview:-1\" \/>\n<link rel=\"canonical\" href=\"https:\/\/www.steinmannverlag.de\/wordpress\/autoren\/\" \/>\n<meta property=\"og:locale\" content=\"de_DE\" \/>\n<meta property=\"og:type\" content=\"article\" \/>\n<meta property=\"og:title\" content=\"Autoren - Steinmann Verlag\" \/>\n<meta property=\"og:description\" content=\"Helge Adolphsen Karl H. Asbrock Melsene B\u00f6tticher Knud Eike Buchmann Dorothee D\u00f6ring Margit Fuhrmann Peter Godzik Hans-Christoph Go\u00dfmann Winfried Gr\u00fctzner Hildebrand Henatsch Matthias Hilbert Hermann Hummel-Liljegren Christoph Huppenbauer Mathias C. Krohne Joachim Karl Lindau Reinhard Lindenhahn Frank K\u00fcrschner-Pelkmann Klaus-Peter Lehmann Burkhart Mecking Maren Meisel Christa M\u00f6bius Martin Ost Joachim Plesse Franco Rest Gisela Rest-Hartjes Werner M. Ruschke Sigrid Schenkenberg Sabine Sommerkamp Ingo Sperl Friedel Steinmann Werner Steinmann Peter Stolt Joachim Teetz Ricarda Thaler Ulrich Tietze Heinrich Wagner J\u00fcrgen Wehrs Young...Weiterlesen Weiterlesen\" \/>\n<meta property=\"og:url\" content=\"https:\/\/www.steinmannverlag.de\/wordpress\/autoren\/\" \/>\n<meta property=\"og:site_name\" content=\"Steinmann Verlag\" \/>\n<meta property=\"article:modified_time\" content=\"2025-06-04T14:07:08+00:00\" \/>\n<meta name=\"twitter:card\" content=\"summary_large_image\" \/>\n<meta name=\"twitter:label1\" content=\"Gesch\u00e4tzte Lesezeit\" \/>\n\t<meta name=\"twitter:data1\" content=\"1\u00a0Minute\" \/>\n<script type=\"application\/ld+json\" class=\"yoast-schema-graph\">{\"@context\":\"https:\/\/schema.org\",\"@graph\":[{\"@type\":\"WebPage\",\"@id\":\"https:\/\/www.steinmannverlag.de\/wordpress\/autoren\/\",\"url\":\"https:\/\/www.steinmannverlag.de\/wordpress\/autoren\/\",\"name\":\"Autoren - Steinmann Verlag\",\"isPartOf\":{\"@id\":\"https:\/\/www.steinmannverlag.de\/wordpress\/#website\"},\"datePublished\":\"2010-02-17T13:54:55+00:00\",\"dateModified\":\"2025-06-04T14:07:08+00:00\",\"breadcrumb\":{\"@id\":\"https:\/\/www.steinmannverlag.de\/wordpress\/autoren\/#breadcrumb\"},\"inLanguage\":\"de\",\"potentialAction\":[{\"@type\":\"ReadAction\",\"target\":[\"https:\/\/www.steinmannverlag.de\/wordpress\/autoren\/\"]}]},{\"@type\":\"BreadcrumbList\",\"@id\":\"https:\/\/www.steinmannverlag.de\/wordpress\/autoren\/#breadcrumb\",\"itemListElement\":[{\"@type\":\"ListItem\",\"position\":1,\"name\":\"Home\",\"item\":\"https:\/\/www.steinmannverlag.de\/wordpress\/\"},{\"@type\":\"ListItem\",\"position\":2,\"name\":\"Autoren\"}]},{\"@type\":\"WebSite\",\"@id\":\"https:\/\/www.steinmannverlag.de\/wordpress\/#website\",\"url\":\"https:\/\/www.steinmannverlag.de\/wordpress\/\",\"name\":\"Steinmann Verlag\",\"description\":\"Litteras Amamus\",\"potentialAction\":[{\"@type\":\"SearchAction\",\"target\":{\"@type\":\"EntryPoint\",\"urlTemplate\":\"https:\/\/www.steinmannverlag.de\/wordpress\/?s={search_term_string}\"},\"query-input\":\"required name=search_term_string\"}],\"inLanguage\":\"de\"}]}<\/script>\n<!-- \/ Yoast SEO plugin. -->","yoast_head_json":{"title":"Autoren - Steinmann Verlag","robots":{"index":"index","follow":"follow","max-snippet":"max-snippet:-1","max-image-preview":"max-image-preview:large","max-video-preview":"max-video-preview:-1"},"canonical":"https:\/\/www.steinmannverlag.de\/wordpress\/autoren\/","og_locale":"de_DE","og_type":"article","og_title":"Autoren - Steinmann Verlag","og_description":"Helge Adolphsen Karl H. Asbrock Melsene B\u00f6tticher Knud Eike Buchmann Dorothee D\u00f6ring Margit Fuhrmann Peter Godzik Hans-Christoph Go\u00dfmann Winfried Gr\u00fctzner Hildebrand Henatsch Matthias Hilbert Hermann Hummel-Liljegren Christoph Huppenbauer Mathias C. Krohne Joachim Karl Lindau Reinhard Lindenhahn Frank K\u00fcrschner-Pelkmann Klaus-Peter Lehmann Burkhart Mecking Maren Meisel Christa M\u00f6bius Martin Ost Joachim Plesse Franco Rest Gisela Rest-Hartjes Werner M. Ruschke Sigrid Schenkenberg Sabine Sommerkamp Ingo Sperl Friedel Steinmann Werner Steinmann Peter Stolt Joachim Teetz Ricarda Thaler Ulrich Tietze Heinrich Wagner J\u00fcrgen Wehrs Young...Weiterlesen Weiterlesen","og_url":"https:\/\/www.steinmannverlag.de\/wordpress\/autoren\/","og_site_name":"Steinmann Verlag","article_modified_time":"2025-06-04T14:07:08+00:00","twitter_card":"summary_large_image","twitter_misc":{"Gesch\u00e4tzte Lesezeit":"1\u00a0Minute"},"schema":{"@context":"https:\/\/schema.org","@graph":[{"@type":"WebPage","@id":"https:\/\/www.steinmannverlag.de\/wordpress\/autoren\/","url":"https:\/\/www.steinmannverlag.de\/wordpress\/autoren\/","name":"Autoren - Steinmann Verlag","isPartOf":{"@id":"https:\/\/www.steinmannverlag.de\/wordpress\/#website"},"datePublished":"2010-02-17T13:54:55+00:00","dateModified":"2025-06-04T14:07:08+00:00","breadcrumb":{"@id":"https:\/\/www.steinmannverlag.de\/wordpress\/autoren\/#breadcrumb"},"inLanguage":"de","potentialAction":[{"@type":"ReadAction","target":["https:\/\/www.steinmannverlag.de\/wordpress\/autoren\/"]}]},{"@type":"BreadcrumbList","@id":"https:\/\/www.steinmannverlag.de\/wordpress\/autoren\/#breadcrumb","itemListElement":[{"@type":"ListItem","position":1,"name":"Home","item":"https:\/\/www.steinmannverlag.de\/wordpress\/"},{"@type":"ListItem","position":2,"name":"Autoren"}]},{"@type":"WebSite","@id":"https:\/\/www.steinmannverlag.de\/wordpress\/#website","url":"https:\/\/www.steinmannverlag.de\/wordpress\/","name":"Steinmann Verlag","description":"Litteras Amamus","potentialAction":[{"@type":"SearchAction","target":{"@type":"EntryPoint","urlTemplate":"https:\/\/www.steinmannverlag.de\/wordpress\/?s={search_term_string}"},"query-input":"required name=search_term_string"}],"inLanguage":"de"}]}},"_links":{"self":[{"href":"https:\/\/www.steinmannverlag.de\/wordpress\/wp-json\/wp\/v2\/pages\/15"}],"collection":[{"href":"https:\/\/www.steinmannverlag.de\/wordpress\/wp-json\/wp\/v2\/pages"}],"about":[{"href":"https:\/\/www.steinmannverlag.de\/wordpress\/wp-json\/wp\/v2\/types\/page"}],"author":[{"embeddable":true,"href":"https:\/\/www.steinmannverlag.de\/wordpress\/wp-json\/wp\/v2\/users\/1"}],"replies":[{"embeddable":true,"href":"https:\/\/www.steinmannverlag.de\/wordpress\/wp-json\/wp\/v2\/comments?post=15"}],"version-history":[{"count":41,"href":"https:\/\/www.steinmannverlag.de\/wordpress\/wp-json\/wp\/v2\/pages\/15\/revisions"}],"predecessor-version":[{"id":2094,"href":"https:\/\/www.steinmannverlag.de\/wordpress\/wp-json\/wp\/v2\/pages\/15\/revisions\/2094"}],"wp:attachment":[{"href":"https:\/\/www.steinmannverlag.de\/wordpress\/wp-json\/wp\/v2\/media?parent=15"}],"curies":[{"name":"wp","href":"https:\/\/api.w.org\/{rel}","templated":true}]}}